{"id":240,"date":"2022-09-12T08:43:39","date_gmt":"2022-09-12T08:43:39","guid":{"rendered":"https:\/\/laserillas.sercagestion.com\/?page_id=240"},"modified":"2025-03-17T12:27:13","modified_gmt":"2025-03-17T12:27:13","slug":"habitaciones","status":"publish","type":"page","link":"https:\/\/laserillas.sercagestion.com\/index.php\/habitaciones\/","title":{"rendered":"Habitaciones"},"content":{"rendered":"\t\t<div data-elementor-type=\"wp-page\" data-elementor-id=\"240\" class=\"elementor elementor-240\">\n\t\t\t\t\t\t\t\t\t<section class=\"elementor-section elementor-top-section elementor-element elementor-element-77cc26e elementor-section-boxed elementor-section-height-default elementor-section-height-default\" data-id=\"77cc26e\" data-element_type=\"section\">\n\t\t\t\t\t\t<div class=\"elementor-container elementor-column-gap-default\">\n\t\t\t\t\t<div class=\"elementor-column elementor-col-100 elementor-top-column elementor-element elementor-element-915f5bf\" data-id=\"915f5bf\" data-element_type=\"column\">\n\t\t\t<div class=\"elementor-widget-wrap elementor-element-populated\">\n\t\t\t\t\t\t\t\t<div class=\"elementor-element elementor-element-d41f9d8 elementor-widget elementor-widget-text-editor\" data-id=\"d41f9d8\" data-element_type=\"widget\" data-widget_type=\"text-editor.default\">\n\t\t\t\t<div class=\"elementor-widget-container\">\n\t\t\t<style>\/*! elementor - v3.6.8 - 27-07-2022 *\/\n.elementor-widget-text-editor.elementor-drop-cap-view-stacked .elementor-drop-cap{background-color:#818a91;color:#fff}.elementor-widget-text-editor.elementor-drop-cap-view-framed .elementor-drop-cap{color:#818a91;border:3px solid;background-color:transparent}.elementor-widget-text-editor:not(.elementor-drop-cap-view-default) .elementor-drop-cap{margin-top:8px}.elementor-widget-text-editor:not(.elementor-drop-cap-view-default) .elementor-drop-cap-letter{width:1em;height:1em}.elementor-widget-text-editor .elementor-drop-cap{float:left;text-align:center;line-height:1;font-size:50px}.elementor-widget-text-editor .elementor-drop-cap-letter{display:inline-block}<\/style>\t\t\t\t<p style=\"text-align: left;\"><br \/>La casa de compone de 3 dormitorios bloque y un sof\u00e1 cama, para un total de 8 personas.<br \/><br \/><\/p>\t\t\t\t\t\t<\/div>\n\t\t\t\t<\/div>\n\t\t\t\t\t<\/div>\n\t\t<\/div>\n\t\t\t\t\t\t\t<\/div>\n\t\t<\/section>\n\t\t\t\t<section class=\"elementor-section elementor-top-section elementor-element elementor-element-cdb2297 elementor-section-boxed elementor-section-height-default elementor-section-height-default\" data-id=\"cdb2297\" data-element_type=\"section\">\n\t\t\t\t\t\t<div class=\"elementor-container elementor-column-gap-default\">\n\t\t\t\t\t<div class=\"elementor-column elementor-col-25 elementor-top-column elementor-element elementor-element-6991893\" data-id=\"6991893\" data-element_type=\"column\">\n\t\t\t<div class=\"elementor-widget-wrap elementor-element-populated\">\n\t\t\t\t\t\t\t\t<div class=\"elementor-element elementor-element-b6388d2 elementor-widget elementor-widget-image\" data-id=\"b6388d2\" data-element_type=\"widget\" data-widget_type=\"image.default\">\n\t\t\t\t<div class=\"elementor-widget-container\">\n\t\t\t<style>\/*! elementor - v3.6.8 - 27-07-2022 *\/\n.elementor-widget-image{text-align:center}.elementor-widget-image a{display:inline-block}.elementor-widget-image a img[src$=\".svg\"]{width:48px}.elementor-widget-image img{vertical-align:middle;display:inline-block}<\/style>\t\t\t\t\t\t\t\t\t\t\t\t<img src=\"https:\/\/laserillas.sercagestion.com\/wp-content\/uploads\/elementor\/thumbs\/La_Esperanza-017-1-1-pt08d2iweqsde7tumr1upxucdrmaemnroy66386e6w.jpg\" title=\"La_Esperanza-017 (1)\" alt=\"La_Esperanza-017 (1)\" \/>\t\t\t\t\t\t\t\t\t\t\t\t\t\t\t<\/div>\n\t\t\t\t<\/div>\n\t\t\t\t\t<\/div>\n\t\t<\/div>\n\t\t\t\t<div class=\"elementor-column elementor-col-25 elementor-top-column elementor-element elementor-element-7d95edb\" data-id=\"7d95edb\" data-element_type=\"column\">\n\t\t\t<div class=\"elementor-widget-wrap elementor-element-populated\">\n\t\t\t\t\t\t\t\t<div class=\"elementor-element elementor-element-0819ec3 elementor-widget elementor-widget-image\" data-id=\"0819ec3\" data-element_type=\"widget\" data-widget_type=\"image.default\">\n\t\t\t\t<div class=\"elementor-widget-container\">\n\t\t\t\t\t\t\t\t\t\t\t\t\t\t\t<img width=\"640\" height=\"640\" src=\"https:\/\/laserillas.sercagestion.com\/wp-content\/uploads\/2022\/08\/La_Esperanza-018-1-1024x1024.jpg\" class=\"attachment-large size-large\" alt=\"\" loading=\"lazy\" srcset=\"https:\/\/laserillas.sercagestion.com\/wp-content\/uploads\/2022\/08\/La_Esperanza-018-1-1024x1024.jpg 1024w, https:\/\/laserillas.sercagestion.com\/wp-content\/uploads\/2022\/08\/La_Esperanza-018-1-300x300.jpg 300w, https:\/\/laserillas.sercagestion.com\/wp-content\/uploads\/2022\/08\/La_Esperanza-018-1-150x150.jpg 150w, https:\/\/laserillas.sercagestion.com\/wp-content\/uploads\/2022\/08\/La_Esperanza-018-1-768x768.jpg 768w, https:\/\/laserillas.sercagestion.com\/wp-content\/uploads\/2022\/08\/La_Esperanza-018-1.jpg 1200w\" sizes=\"(max-width: 640px) 100vw, 640px\" \/>\t\t\t\t\t\t\t\t\t\t\t\t\t\t\t<\/div>\n\t\t\t\t<\/div>\n\t\t\t\t\t<\/div>\n\t\t<\/div>\n\t\t\t\t<div class=\"elementor-column elementor-col-50 elementor-top-column elementor-element elementor-element-cd2cfdb\" data-id=\"cd2cfdb\" data-element_type=\"column\">\n\t\t\t<div class=\"elementor-widget-wrap elementor-element-populated\">\n\t\t\t\t\t\t\t\t<div class=\"elementor-element elementor-element-21b4217 elementor-widget elementor-widget-text-editor\" data-id=\"21b4217\" data-element_type=\"widget\" data-widget_type=\"text-editor.default\">\n\t\t\t\t<div class=\"elementor-widget-container\">\n\t\t\t\t\t\t\t<p class=\"v1MsoNormal\">\u00a0<\/p><p><br \/><br \/><br \/><br \/>DORMITORIO PRINCIPAL.<\/p><p class=\"v1MsoNormal\">Dormitorio suite en la planta alta, para 2 personas con ba\u00f1o privado y ba\u00f1era exenta.<\/p>\t\t\t\t\t\t<\/div>\n\t\t\t\t<\/div>\n\t\t\t\t\t<\/div>\n\t\t<\/div>\n\t\t\t\t\t\t\t<\/div>\n\t\t<\/section>\n\t\t\t\t<section class=\"elementor-section elementor-top-section elementor-element elementor-element-a3dca0a elementor-section-boxed elementor-section-height-default elementor-section-height-default\" data-id=\"a3dca0a\" data-element_type=\"section\">\n\t\t\t\t\t\t<div class=\"elementor-container elementor-column-gap-default\">\n\t\t\t\t\t<div class=\"elementor-column elementor-col-25 elementor-top-column elementor-element elementor-element-ded8fb6\" data-id=\"ded8fb6\" data-element_type=\"column\">\n\t\t\t<div class=\"elementor-widget-wrap elementor-element-populated\">\n\t\t\t\t\t\t\t\t<div class=\"elementor-element elementor-element-6d044fd elementor-widget elementor-widget-image\" data-id=\"6d044fd\" data-element_type=\"widget\" data-widget_type=\"image.default\">\n\t\t\t\t<div class=\"elementor-widget-container\">\n\t\t\t\t\t\t\t\t\t\t\t\t\t\t\t<img src=\"https:\/\/laserillas.sercagestion.com\/wp-content\/uploads\/elementor\/thumbs\/La_Esperanza-023-1-pt08d4eicpa2tffnhy4rmrojhuxriifslmasqz55s8.jpg\" title=\"La_Esperanza-023 (1)\" alt=\"La_Esperanza-023 (1)\" \/>\t\t\t\t\t\t\t\t\t\t\t\t\t\t\t<\/div>\n\t\t\t\t<\/div>\n\t\t\t\t\t<\/div>\n\t\t<\/div>\n\t\t\t\t<div class=\"elementor-column elementor-col-25 elementor-top-column elementor-element elementor-element-d701695\" data-id=\"d701695\" data-element_type=\"column\">\n\t\t\t<div class=\"elementor-widget-wrap elementor-element-populated\">\n\t\t\t\t\t\t\t\t<div class=\"elementor-element elementor-element-ddee8e4 elementor-widget elementor-widget-image\" data-id=\"ddee8e4\" data-element_type=\"widget\" data-widget_type=\"image.default\">\n\t\t\t\t<div class=\"elementor-widget-container\">\n\t\t\t\t\t\t\t\t\t\t\t\t\t\t\t<img src=\"https:\/\/laserillas.sercagestion.com\/wp-content\/uploads\/elementor\/thumbs\/La_Esperanza-020-1-punckufsheevp9hb5fw9ny986jc8tlkl0r6l4xpwv4.jpg\" title=\"La_Esperanza-020 (1)\" alt=\"La_Esperanza-020 (1)\" \/>\t\t\t\t\t\t\t\t\t\t\t\t\t\t\t<\/div>\n\t\t\t\t<\/div>\n\t\t\t\t\t<\/div>\n\t\t<\/div>\n\t\t\t\t<div class=\"elementor-column elementor-col-50 elementor-top-column elementor-element elementor-element-20cd865\" data-id=\"20cd865\" data-element_type=\"column\">\n\t\t\t<div class=\"elementor-widget-wrap elementor-element-populated\">\n\t\t\t\t\t\t\t\t<div class=\"elementor-element elementor-element-2b3c87a elementor-widget elementor-widget-text-editor\" data-id=\"2b3c87a\" data-element_type=\"widget\" data-widget_type=\"text-editor.default\">\n\t\t\t\t<div class=\"elementor-widget-container\">\n\t\t\t\t\t\t\t<p><br \/><br \/><br \/><br \/>DORMITORIO DOBLE.<\/p><p>Dormitorio suite en la planta alta, para 2 personas con ba\u00f1o privado<br \/><br \/><\/p>\t\t\t\t\t\t<\/div>\n\t\t\t\t<\/div>\n\t\t\t\t\t<\/div>\n\t\t<\/div>\n\t\t\t\t\t\t\t<\/div>\n\t\t<\/section>\n\t\t\t\t<section class=\"elementor-section elementor-top-section elementor-element elementor-element-39657eb elementor-section-boxed elementor-section-height-default elementor-section-height-default\" data-id=\"39657eb\" data-element_type=\"section\">\n\t\t\t\t\t\t<div class=\"elementor-container elementor-column-gap-default\">\n\t\t\t\t\t<div class=\"elementor-column elementor-col-25 elementor-top-column elementor-element elementor-element-b6bf951\" data-id=\"b6bf951\" data-element_type=\"column\">\n\t\t\t<div class=\"elementor-widget-wrap elementor-element-populated\">\n\t\t\t\t\t\t\t\t<div class=\"elementor-element elementor-element-4bc63b6 elementor-widget elementor-widget-image\" data-id=\"4bc63b6\" data-element_type=\"widget\" data-widget_type=\"image.default\">\n\t\t\t\t<div class=\"elementor-widget-container\">\n\t\t\t\t\t\t\t\t\t\t\t\t\t\t\t<img src=\"https:\/\/laserillas.sercagestion.com\/wp-content\/uploads\/elementor\/thumbs\/IMG_6412-scaled-punbhhx0e2kc5hz6909ybhjlcpqavmc9vhjoxwl6dk.jpg\" title=\"IMG_6412\" alt=\"IMG_6412\" \/>\t\t\t\t\t\t\t\t\t\t\t\t\t\t\t<\/div>\n\t\t\t\t<\/div>\n\t\t\t\t\t<\/div>\n\t\t<\/div>\n\t\t\t\t<div class=\"elementor-column elementor-col-25 elementor-top-column elementor-element elementor-element-8965c20\" data-id=\"8965c20\" data-element_type=\"column\">\n\t\t\t<div class=\"elementor-widget-wrap elementor-element-populated\">\n\t\t\t\t\t\t\t\t<div class=\"elementor-element elementor-element-8841bdd elementor-widget elementor-widget-image\" data-id=\"8841bdd\" data-element_type=\"widget\" data-widget_type=\"image.default\">\n\t\t\t\t<div class=\"elementor-widget-container\">\n\t\t\t\t\t\t\t\t\t\t\t\t\t\t\t<img src=\"https:\/\/laserillas.sercagestion.com\/wp-content\/uploads\/elementor\/thumbs\/IMG_6413-scaled-punddzfociavm35l01bwyljn4jpvft910z8gpqijz4.jpg\" title=\"IMG_6413\" alt=\"IMG_6413\" \/>\t\t\t\t\t\t\t\t\t\t\t\t\t\t\t<\/div>\n\t\t\t\t<\/div>\n\t\t\t\t\t<\/div>\n\t\t<\/div>\n\t\t\t\t<div class=\"elementor-column elementor-col-50 elementor-top-column elementor-element elementor-element-a79a9f3\" data-id=\"a79a9f3\" data-element_type=\"column\">\n\t\t\t<div class=\"elementor-widget-wrap elementor-element-populated\">\n\t\t\t\t\t\t\t\t<div class=\"elementor-element elementor-element-48ce34c elementor-widget elementor-widget-text-editor\" data-id=\"48ce34c\" data-element_type=\"widget\" data-widget_type=\"text-editor.default\">\n\t\t\t\t<div class=\"elementor-widget-container\">\n\t\t\t\t\t\t\t<p class=\"v1MsoNormal\">\n<\/p><p><br><br><br><br>DORMITORIO DOBLE.<\/p>\n<p class=\"v1MsoNormal\">Dormitorio suite, para 2 personas en la planta baja.<\/p>\t\t\t\t\t\t<\/div>\n\t\t\t\t<\/div>\n\t\t\t\t\t<\/div>\n\t\t<\/div>\n\t\t\t\t\t\t\t<\/div>\n\t\t<\/section>\n\t\t\t\t\t\t\t<\/div>\n\t\t","protected":false},"excerpt":{"rendered":"<p>La casa de compone de 3 dormitorios bloque y un sof\u00e1 cama, para un total de 8 personas. \u00a0 DORMITORIO PRINCIPAL. Dormitorio suite en la planta alta, para 2 personas con ba\u00f1o privado y ba\u00f1era exenta. DORMITORIO DOBLE. Dormitorio suite en la planta alta, para 2 personas con ba\u00f1o privado DORMITORIO DOBLE. Dormitorio suite, para [&hellip;]<\/p>\n","protected":false},"author":1,"featured_media":0,"parent":0,"menu_order":0,"comment_status":"closed","ping_status":"closed","template":"","meta":{"om_disable_all_campaigns":false,"_monsterinsights_skip_tracking":false,"_monsterinsights_sitenote_active":false,"_monsterinsights_sitenote_note":"","_monsterinsights_sitenote_category":0},"aioseo_notices":[],"_links":{"self":[{"href":"https:\/\/laserillas.sercagestion.com\/index.php\/wp-json\/wp\/v2\/pages\/240"}],"collection":[{"href":"https:\/\/laserillas.sercagestion.com\/index.php\/wp-json\/wp\/v2\/pages"}],"about":[{"href":"https:\/\/laserillas.sercagestion.com\/index.php\/wp-json\/wp\/v2\/types\/page"}],"author":[{"embeddable":true,"href":"https:\/\/laserillas.sercagestion.com\/index.php\/wp-json\/wp\/v2\/users\/1"}],"replies":[{"embeddable":true,"href":"https:\/\/laserillas.sercagestion.com\/index.php\/wp-json\/wp\/v2\/comments?post=240"}],"version-history":[{"count":25,"href":"https:\/\/laserillas.sercagestion.com\/index.php\/wp-json\/wp\/v2\/pages\/240\/revisions"}],"predecessor-version":[{"id":369,"href":"https:\/\/laserillas.sercagestion.com\/index.php\/wp-json\/wp\/v2\/pages\/240\/revisions\/369"}],"wp:attachment":[{"href":"https:\/\/laserillas.sercagestion.com\/index.php\/wp-json\/wp\/v2\/media?parent=240"}],"curies":[{"name":"wp","href":"https:\/\/api.w.org\/{rel}","templated":true}]}}