{"id":84,"date":"2022-08-08T11:58:41","date_gmt":"2022-08-08T11:58:41","guid":{"rendered":"https:\/\/laserillas.sercagestion.com\/?page_id=84"},"modified":"2025-03-17T12:40:25","modified_gmt":"2025-03-17T12:40:25","slug":"vivienda","status":"publish","type":"page","link":"https:\/\/laserillas.sercagestion.com\/index.php\/vivienda\/","title":{"rendered":"Vivienda"},"content":{"rendered":"\n<p>Casa situada en la calle Las Erillas, en el municipio del Rosario, La Esperanza. Con una superficie de 220 m2., distribuido en&nbsp;un gran sal\u00f3n comedor y cocina plenamente integrados en la parte baja, adem\u00e1s de un dormitorio doble, un ba\u00f1o con ducha, y peque\u00f1a solana con lavadora y secadora.&nbsp;La vivienda dispone igualmente de un parking exterior para 7 coches,&nbsp;una zona de picnic con mesas de madera y un bosque privado de 5000 m2, &nbsp;que conecta directamente con senderos p\u00fablicos para actividades como senderismo o bicicleta. En definitiva, se trata de una casa para disfrutar del lujo de una gran vivienda, en un entorno rural en plena naturaleza.<br><br><\/p>\n\n\n\n<div class=\"wp-block-gmedia-gallery gmedia-shortcode\"><div class=\"gmedia_gallery phantom_module is_bot\" id=\"GmediaGallery_6\" data-gmid=\"6\" data-module=\"phantom\"><style class='gmedia_module_style_import'>@import url('https:\/\/laserillas.sercagestion.com\/wp-content\/grand-media\/module\/phantom\/css\/style.css?v=3.24') all;\/**** .phantom_module #GmediaGallery_6 ****\/\n#GmediaGallery_6 .gmPhantom_ThumbContainer,\n#GmediaGallery_6 .gmPhantom_LoadMore {padding:0px;}\n#GmediaGallery_6 .gmPhantom_LabelBottom .gmPhantom_ThumbContainer {padding-bottom:36px;}\n#GmediaGallery_6 .gmPhantom_LabelBottom .gmPhantom_LoadMore {padding-top:36px;}\n#GmediaGallery_6 .gmPhantom_LabelBottom .gmPhantom_LoadMore[data-col=\"1\"] {padding-top:0px;}\n#GmediaGallery_6 .gmPhantom_ThumbContainer,\n#GmediaGallery_6 .gmPhantom_LoadMore {border:none;}\n#GmediaGallery_6 .gmPhantom_ThumbContainer,\n#GmediaGallery_6 .gmPhantom_LoadMore {box-shadow:none;}\n#GmediaGallery_6 .gmPhantom_ThumbLabel a {color:#3695e7;}\n#GmediaGallery_6 .gmPhantom_Container {background-color:rgba(255,255,255,0.1);}<\/style>\t<div class=\"gmPhantom_Container noLightbox\" >\n\t\t\t\t<div class=\"gmPhantom_thumbsWrapper gmPhantom_LabelNone\">\n\t\t\t\t\t\t<div class=\"gmPhantom_ThumbContainer gmPhantom_ThumbLoader\" data-id=\"11\" data-post_id=\"172\" data-ratio=\"0.73891625615764\" data-type=\"image\" data-ext=\"jpg\" data-views=\"1\" data-likes=\"0\">\n\t\t\t\t<a href=\"https:\/\/laserillas.sercagestion.com\/wp-content\/grand-media\/image\/La_Esperanza-012_1_.jpg\" class=\"gmPhantom_Thumb\"><img class=\"noLazy\" src=\"https:\/\/laserillas.sercagestion.com\/wp-content\/grand-media\/image\/thumb\/La_Esperanza-012_1_.jpg\" data-src=\"https:\/\/laserillas.sercagestion.com\/wp-content\/grand-media\/image\/La_Esperanza-012_1_.jpg\" alt=\"La Esperanza-012 (1)\"\/><\/a>\n\t\t\t\t\t\t\t\t<div style=\"display:none;\" class=\"gmPhantom_Details\">\n\t\t\t\t\t\t\t\t\t\t\t\t\t\t\t<div class=\"gmPhantom_terms\">\n\t\t\t\t\t\t\t\t\t\t\t<\/div>\n\t\t\t\t<\/div>\n\t\t\t\t<\/div>\t\t\t<div class=\"gmPhantom_ThumbContainer gmPhantom_ThumbLoader\" data-id=\"10\" data-post_id=\"171\" data-ratio=\"1.4\" data-type=\"image\" data-ext=\"jpg\" data-views=\"1\" data-likes=\"0\">\n\t\t\t\t<a href=\"https:\/\/laserillas.sercagestion.com\/wp-content\/grand-media\/image\/La_Esperanza-011_1_.jpg\" class=\"gmPhantom_Thumb\"><img class=\"noLazy\" src=\"https:\/\/laserillas.sercagestion.com\/wp-content\/grand-media\/image\/thumb\/La_Esperanza-011_1_.jpg\" data-src=\"https:\/\/laserillas.sercagestion.com\/wp-content\/grand-media\/image\/La_Esperanza-011_1_.jpg\" alt=\"La Esperanza-011 (1)\"\/><\/a>\n\t\t\t\t\t\t\t\t<div style=\"display:none;\" class=\"gmPhantom_Details\">\n\t\t\t\t\t\t\t\t\t\t\t\t\t\t\t<div class=\"gmPhantom_terms\">\n\t\t\t\t\t\t\t\t\t\t\t<\/div>\n\t\t\t\t<\/div>\n\t\t\t\t<\/div>\t\t\t<div class=\"gmPhantom_ThumbContainer gmPhantom_ThumbLoader\" data-id=\"9\" data-post_id=\"170\" data-ratio=\"1.2633333333333\" data-type=\"image\" data-ext=\"jpg\" data-views=\"1\" data-likes=\"0\">\n\t\t\t\t<a href=\"https:\/\/laserillas.sercagestion.com\/wp-content\/grand-media\/image\/La_Esperanza-010_1_.jpg\" class=\"gmPhantom_Thumb\"><img class=\"noLazy\" src=\"https:\/\/laserillas.sercagestion.com\/wp-content\/grand-media\/image\/thumb\/La_Esperanza-010_1_.jpg\" data-src=\"https:\/\/laserillas.sercagestion.com\/wp-content\/grand-media\/image\/La_Esperanza-010_1_.jpg\" alt=\"La Esperanza-010 (1)\"\/><\/a>\n\t\t\t\t\t\t\t\t<div style=\"display:none;\" class=\"gmPhantom_Details\">\n\t\t\t\t\t\t\t\t\t\t\t\t\t\t\t<div class=\"gmPhantom_terms\">\n\t\t\t\t\t\t\t\t\t\t\t<\/div>\n\t\t\t\t<\/div>\n\t\t\t\t<\/div>\t\t\t<div class=\"gmPhantom_ThumbContainer gmPhantom_ThumbLoader\" data-id=\"8\" data-post_id=\"169\" data-ratio=\"0.81967213114754\" data-type=\"image\" data-ext=\"jpg\" data-views=\"1\" data-likes=\"0\">\n\t\t\t\t<a href=\"https:\/\/laserillas.sercagestion.com\/wp-content\/grand-media\/image\/La_Esperanza-008_1_.jpg\" class=\"gmPhantom_Thumb\"><img class=\"noLazy\" src=\"https:\/\/laserillas.sercagestion.com\/wp-content\/grand-media\/image\/thumb\/La_Esperanza-008_1_.jpg\" data-src=\"https:\/\/laserillas.sercagestion.com\/wp-content\/grand-media\/image\/La_Esperanza-008_1_.jpg\" alt=\"La Esperanza-008 (1)\"\/><\/a>\n\t\t\t\t\t\t\t\t<div style=\"display:none;\" class=\"gmPhantom_Details\">\n\t\t\t\t\t\t\t\t\t\t\t\t\t\t\t<div class=\"gmPhantom_terms\">\n\t\t\t\t\t\t\t\t\t\t\t<\/div>\n\t\t\t\t<\/div>\n\t\t\t\t<\/div>\t\t<\/div>\n\t<\/div>\n<\/div><\/div>\n","protected":false},"excerpt":{"rendered":"<p>Casa situada en la calle Las Erillas, en el municipio del Rosario, La Esperanza. Con una superficie de 220 m2., distribuido en&nbsp;un gran sal\u00f3n comedor y cocina plenamente integrados en la parte baja, adem\u00e1s de un dormitorio doble, un ba\u00f1o con ducha, y peque\u00f1a solana con lavadora y secadora.&nbsp;La vivienda dispone igualmente de un parking [&hellip;]<\/p>\n","protected":false},"author":1,"featured_media":0,"parent":0,"menu_order":0,"comment_status":"closed","ping_status":"closed","template":"","meta":{"om_disable_all_campaigns":false,"_monsterinsights_skip_tracking":false,"_monsterinsights_sitenote_active":false,"_monsterinsights_sitenote_note":"","_monsterinsights_sitenote_category":0},"aioseo_notices":[],"_links":{"self":[{"href":"https:\/\/laserillas.sercagestion.com\/index.php\/wp-json\/wp\/v2\/pages\/84"}],"collection":[{"href":"https:\/\/laserillas.sercagestion.com\/index.php\/wp-json\/wp\/v2\/pages"}],"about":[{"href":"https:\/\/laserillas.sercagestion.com\/index.php\/wp-json\/wp\/v2\/types\/page"}],"author":[{"embeddable":true,"href":"https:\/\/laserillas.sercagestion.com\/index.php\/wp-json\/wp\/v2\/users\/1"}],"replies":[{"embeddable":true,"href":"https:\/\/laserillas.sercagestion.com\/index.php\/wp-json\/wp\/v2\/comments?post=84"}],"version-history":[{"count":28,"href":"https:\/\/laserillas.sercagestion.com\/index.php\/wp-json\/wp\/v2\/pages\/84\/revisions"}],"predecessor-version":[{"id":289,"href":"https:\/\/laserillas.sercagestion.com\/index.php\/wp-json\/wp\/v2\/pages\/84\/revisions\/289"}],"wp:attachment":[{"href":"https:\/\/laserillas.sercagestion.com\/index.php\/wp-json\/wp\/v2\/media?parent=84"}],"curies":[{"name":"wp","href":"https:\/\/api.w.org\/{rel}","templated":true}]}}